{"id":25403,"date":"2023-02-07T15:22:42","date_gmt":"2023-02-07T14:22:42","guid":{"rendered":"https:\/\/sneakerspirit.courir.com\/en\/?page_id=25403"},"modified":"2023-11-06T10:32:52","modified_gmt":"2023-11-06T09:32:52","slug":"home","status":"publish","type":"page","link":"https:\/\/sneakerspirit.courir.com\/en\/","title":{"rendered":"Home"},"content":{"rendered":"[et_pb_section fb_built=&#8221;1&#8243; module_class=&#8221;content-home&#8221; _builder_version=&#8221;4.19.4&#8243; _module_preset=&#8221;default&#8221; custom_margin=&#8221;0px|0px|0px|0px|true|true&#8221; custom_padding=&#8221;0px|0px|0px|0px|true|true&#8221; global_colors_info=&#8221;{}&#8221; theme_builder_area=&#8221;post_content&#8221;][et_pb_row _builder_version=&#8221;4.19.4&#8243; _module_preset=&#8221;default&#8221; width=&#8221;100%&#8221; max_width=&#8221;1440px&#8221; custom_margin=&#8221;0px|0px|0px|0px|true|true&#8221; custom_padding=&#8221;0px|0px|0px|0px|true|true&#8221; global_colors_info=&#8221;{}&#8221; theme_builder_area=&#8221;post_content&#8221;][et_pb_column type=&#8221;4_4&#8243; _builder_version=&#8221;4.19.4&#8243; _module_preset=&#8221;bc4b03ae-e0fb-4f2b-8758-956bc317bb79&#8243; global_colors_info=&#8221;{}&#8221; theme_builder_area=&#8221;post_content&#8221;][et_pb_blog_extras posts_number=&#8221;5&#8243; blog_layout=&#8221;slider&#8221; excerpt_length=&#8221;0&#8243; show_more=&#8221;off&#8221; show_author=&#8221;off&#8221; show_date=&#8221;off&#8221; category_color=&#8221;gcid-f01d41e2-0864-40c3-af05-500ce85d3dad&#8221; show_comments=&#8221;off&#8221; scroll_top_animation=&#8221;off|off|off&#8221; slides_per_view=&#8221;1&#8243; space_between_slides=&#8221;0px&#8221; slider_loop=&#8221;on&#8221; autoplay=&#8221;off&#8221; show_control_dot=&#8221;on&#8221; control_dot_active_color=&#8221;gcid-f01d41e2-0864-40c3-af05-500ce85d3dad&#8221; control_dot_inactive_color=&#8221;rgba(226,83,6,0.4)&#8221; _builder_version=&#8221;4.19.4&#8243; _module_preset=&#8221;default&#8221; header_font_size=&#8221;30px&#8221; meta_text_color=&#8221;gcid-f01d41e2-0864-40c3-af05-500ce85d3dad&#8221; meta_font_size=&#8221;16px&#8221; custom_margin=&#8221;0px|0px|0px|0px|true|true&#8221; custom_padding=&#8221;0px|0px|0px|0px|true|true&#8221; hover_enabled=&#8221;0&#8243; global_colors_info=&#8221;{%22gcid-f01d41e2-0864-40c3-af05-500ce85d3dad%22:%91%22meta_text_color%22,%22control_dot_active_color%22,%22category_color%22%93}&#8221; theme_builder_area=&#8221;post_content&#8221; sticky_enabled=&#8221;0&#8243;][\/et_pb_blog_extras][\/et_pb_column][\/et_pb_row][et_pb_row _builder_version=&#8221;4.19.4&#8243; _module_preset=&#8221;default&#8221; width=&#8221;100%&#8221; max_width=&#8221;1440px&#8221; custom_margin=&#8221;0px|0px|50px|0px|false|true&#8221; custom_padding=&#8221;0px|35px|0px|35px|true|true&#8221; global_colors_info=&#8221;{}&#8221; theme_builder_area=&#8221;post_content&#8221;][et_pb_column type=&#8221;4_4&#8243; _builder_version=&#8221;4.19.4&#8243; _module_preset=&#8221;bc4b03ae-e0fb-4f2b-8758-956bc317bb79&#8243; global_colors_info=&#8221;{}&#8221; theme_builder_area=&#8221;post_content&#8221;][et_pb_text module_class=&#8221;home-title&#8221; _builder_version=&#8221;4.19.4&#8243; _module_preset=&#8221;default&#8221; text_font=&#8221;Roboto|900||on|||||&#8221; text_text_color=&#8221;#000000&#8243; text_font_size=&#8221;30px&#8221; text_orientation=&#8221;center&#8221; custom_margin=&#8221;75px||25px||false|false&#8221; custom_margin_tablet=&#8221;75px||25px||false|false&#8221; custom_margin_phone=&#8221;25px||25px||false|false&#8221; custom_margin_last_edited=&#8221;on|phone&#8221; custom_padding=&#8221;||||false|false&#8221; global_colors_info=&#8221;{}&#8221; theme_builder_area=&#8221;post_content&#8221;]\n<p class=\"p1\"><span class=\"s1\"><b>THE LATEST NEWS<\/b><\/span><\/p>\n[\/et_pb_text][et_pb_blog_extras posts_number=&#8221;9&#8243; offset_number=&#8221;5&#8243; blog_layout=&#8221;masonry&#8221; excerpt_length=&#8221;0&#8243; show_more=&#8221;off&#8221; show_author=&#8221;off&#8221; show_date=&#8221;off&#8221; show_comments=&#8221;off&#8221; show_load_more=&#8221;on&#8221; load_more_text=&#8221;Load more&#8221; loader_color=&#8221;gcid-f01d41e2-0864-40c3-af05-500ce85d3dad&#8221; masonry_columns_tablet=&#8221;2&#8243; masonry_columns_phone=&#8221;1&#8243; masonry_columns_last_edited=&#8221;on|phone&#8221; _builder_version=&#8221;4.19.4&#8243; _module_preset=&#8221;default&#8221; custom_ajax_pagination=&#8221;on&#8221; ajax_pagination_text_color=&#8221;#FFFFFF&#8221; ajax_pagination_bg_color=&#8221;gcid-f01d41e2-0864-40c3-af05-500ce85d3dad&#8221; ajax_pagination_border_width=&#8221;0px&#8221; ajax_pagination_border_color=&#8221;RGBA(255,255,255,0)&#8221; ajax_pagination_border_radius=&#8221;0px&#8221; ajax_pagination_font=&#8221;Roboto|500|||||||&#8221; ajax_pagination_custom_margin=&#8221;||||false|true&#8221; ajax_pagination_custom_padding=&#8221;|100px||100px|false|true&#8221; custom_margin=&#8221;0px|0px|0px|0px|true|true&#8221; custom_padding=&#8221;0px|0px|0px|0px|true|true&#8221; global_colors_info=&#8221;{%22gcid-f01d41e2-0864-40c3-af05-500ce85d3dad%22:%91%22loader_color%22,%22ajax_pagination_bg_color%22%93}&#8221; theme_builder_area=&#8221;post_content&#8221;][\/et_pb_blog_extras][\/et_pb_column][\/et_pb_row][et_pb_row column_structure=&#8221;1_4,3_4&#8243; make_equal=&#8221;on&#8221; custom_padding_last_edited=&#8221;on|desktop&#8221; disabled_on=&#8221;on|on|on&#8221; module_class=&#8221;folder-content&#8221; _builder_version=&#8221;4.19.4&#8243; _module_preset=&#8221;default&#8221; width=&#8221;100%&#8221; max_width=&#8221;2560px&#8221; custom_margin=&#8221;0px|0px|0px|0px|true|true&#8221; custom_padding=&#8221;0px|50px|50px|50px|false|true&#8221; custom_padding_tablet=&#8221;0px|50px|50px|50px|false|true&#8221; custom_padding_phone=&#8221;0px|0px|30px|0px|false|true&#8221; disabled=&#8221;on&#8221; global_colors_info=&#8221;{}&#8221; theme_builder_area=&#8221;post_content&#8221;][et_pb_column type=&#8221;1_4&#8243; module_class=&#8221;folder-texts&#8221; _builder_version=&#8221;4.19.4&#8243; _module_preset=&#8221;bc4b03ae-e0fb-4f2b-8758-956bc317bb79&#8243; background_color=&#8221;gcid-fee674a1-5273-4774-aab4-f0eaaaa5dea6&#8243; custom_padding=&#8221;40px|60px|40px|60px|true|true&#8221; custom_padding_tablet=&#8221;40px|60px|40px|60px|true|true&#8221; custom_padding_phone=&#8221;40px|30px|0px|30px|false|true&#8221; custom_padding_last_edited=&#8221;on|phone&#8221; global_colors_info=&#8221;{%22gcid-fee674a1-5273-4774-aab4-f0eaaaa5dea6%22:%91%22background_color%22%93}&#8221; theme_builder_area=&#8221;post_content&#8221;][et_pb_text _builder_version=&#8221;4.19.4&#8243; _module_preset=&#8221;default&#8221; text_font=&#8221;|700|||||||&#8221; text_text_color=&#8221;#FFFFFF&#8221; text_font_size=&#8221;35px&#8221; text_line_height=&#8221;40px&#8221; background_enable_color=&#8221;off&#8221; text_orientation_tablet=&#8221;&#8221; text_orientation_phone=&#8221;center&#8221; text_orientation_last_edited=&#8221;on|phone&#8221; global_colors_info=&#8221;{%22gcid-fee674a1-5273-4774-aab4-f0eaaaa5dea6%22:%91%22background_color%22%93}&#8221; theme_builder_area=&#8221;post_content&#8221;]\n<p class=\"p1 folder-title\"><b>L\u2019\u00c9MISSION (S02EP01) X NATOO<\/b><\/p>\n[\/et_pb_text][et_pb_text _builder_version=&#8221;4.19.4&#8243; _module_preset=&#8221;default&#8221; text_font=&#8221;||||||||&#8221; text_text_color=&#8221;#FFFFFF&#8221; text_font_size=&#8221;19px&#8221; background_color=&#8221;RGBA(255,255,255,0)&#8221; text_orientation_tablet=&#8221;&#8221; text_orientation_phone=&#8221;center&#8221; text_orientation_last_edited=&#8221;on|phone&#8221; global_colors_info=&#8221;{}&#8221; theme_builder_area=&#8221;post_content&#8221;]\n<p class=\"p1\">Chaque mois, une personnalit\u00e9 vient chiller sur le canap\u00e9 de Sneaker Spirit, avec Marie Palot, et ses Spirit Box, qui contiennent \u00e0 chaque fois une surprise pour notre invit\u00e9.e.<\/p>\n[\/et_pb_text][\/et_pb_column][et_pb_column type=&#8221;3_4&#8243; _builder_version=&#8221;4.19.4&#8243; _module_preset=&#8221;bc4b03ae-e0fb-4f2b-8758-956bc317bb79&#8243; custom_padding=&#8221;0px|30px|0px|30px|true|true&#8221; custom_padding_tablet=&#8221;0px|30px|0px|30px|true|true&#8221; custom_padding_phone=&#8221;30px|30px|0px|30px|false|true&#8221; custom_padding_last_edited=&#8221;on|phone&#8221; global_colors_info=&#8221;{}&#8221; theme_builder_area=&#8221;post_content&#8221;][et_pb_video src=&#8221;https:\/\/video-cdg2-1.xx.fbcdn.net\/v\/t42.1790-2\/10000000_497979681199993_178237415218243225_n.mp4?_nc_cat=111&#038;ccb=1-7&#038;_nc_sid=985c63&#038;efg=eyJybHIiOjQwOCwicmxhIjo0MDk2LCJ2ZW5jb2RlX3RhZyI6InN2ZV9zZCJ9&#038;_nc_ohc=niD6l5nk_zwAX9HdzcK&#038;rl=408&#038;vabr=227&#038;_nc_ht=video-cdg2-1.xx&#038;edm=ACRN2rcEAAAA&#038;oh=00_AfBO_3PV1TVf2tOuqfTdd6TL1Yo6KfFIld_afhENGf4Xjw&#038;oe=63DA9696&#8243; image_src=&#8221;https:\/\/sneakerspirit.courir.com\/en\/wp-content\/uploads\/sites\/4\/2023\/02\/PL_EM_NATOO_4.jpg&#8221; use_icon_font_size=&#8221;on&#8221; icon_font_size=&#8221;75px&#8221; _builder_version=&#8221;4.19.4&#8243; _module_preset=&#8221;default&#8221; custom_margin=&#8221;0px|0px|0px|0px|true|true&#8221; custom_padding=&#8221;0px|0px|0px|0px|true|true&#8221; global_colors_info=&#8221;{}&#8221; theme_builder_area=&#8221;post_content&#8221;][\/et_pb_video][\/et_pb_column][\/et_pb_row][et_pb_row _builder_version=&#8221;4.19.4&#8243; _module_preset=&#8221;default&#8221; background_color=&#8221;#f3f3f3&#8243; width=&#8221;100%&#8221; max_width=&#8221;1440px&#8221; custom_margin=&#8221;0px|0px|0px|0px|true|true&#8221; custom_margin_tablet=&#8221;0px|0px|0px|0px|true|true&#8221; custom_margin_phone=&#8221;0px|0px|0px|0px|true|true&#8221; custom_margin_last_edited=&#8221;on|phone&#8221; custom_padding=&#8221;50px|35px|50px|35px|true|true&#8221; global_colors_info=&#8221;{}&#8221; theme_builder_area=&#8221;post_content&#8221;][et_pb_column type=&#8221;4_4&#8243; _builder_version=&#8221;4.19.4&#8243; _module_preset=&#8221;bc4b03ae-e0fb-4f2b-8758-956bc317bb79&#8243; global_colors_info=&#8221;{}&#8221; theme_builder_area=&#8221;post_content&#8221;][et_pb_text module_class=&#8221;home-title&#8221; _builder_version=&#8221;4.19.4&#8243; _module_preset=&#8221;default&#8221; text_font=&#8221;Roboto|900||on|||||&#8221; text_text_color=&#8221;#000000&#8243; text_font_size=&#8221;30px&#8221; text_orientation=&#8221;center&#8221; custom_margin=&#8221;0px||25px||false|false&#8221; custom_padding=&#8221;||||false|false&#8221; global_colors_info=&#8221;{}&#8221; theme_builder_area=&#8221;post_content&#8221;]\n<p class=\"p1\"><span class=\"s1\"><b>DO NOT MISS<\/b><\/span><\/p>\n[\/et_pb_text][et_pb_blog_extras posts_number=&#8221;6&#8243; post_order=&#8221;ASC&#8221; post_order_by=&#8221;relevance&#8221; blog_layout=&#8221;masonry&#8221; excerpt_length=&#8221;0&#8243; show_more=&#8221;off&#8221; show_author=&#8221;off&#8221; show_date=&#8221;off&#8221; show_comments=&#8221;off&#8221; masonry_columns_tablet=&#8221;2&#8243; masonry_columns_phone=&#8221;1&#8243; masonry_columns_last_edited=&#8221;on|tablet&#8221; _builder_version=&#8221;4.19.4&#8243; _module_preset=&#8221;default&#8221; custom_margin=&#8221;||-129px|||&#8221; global_colors_info=&#8221;{}&#8221; theme_builder_area=&#8221;post_content&#8221;][\/et_pb_blog_extras][\/et_pb_column][\/et_pb_row][et_pb_row column_structure=&#8221;1_4,3_4&#8243; make_equal=&#8221;on&#8221; custom_padding_last_edited=&#8221;on|desktop&#8221; disabled_on=&#8221;on|on|on&#8221; module_class=&#8221;folder-content&#8221; _builder_version=&#8221;4.19.4&#8243; _module_preset=&#8221;default&#8221; width=&#8221;100%&#8221; max_width=&#8221;2560px&#8221; custom_margin=&#8221;0px|0px|0px|0px|true|true&#8221; custom_margin_tablet=&#8221;0px|0px|0px|0px|true|true&#8221; custom_margin_phone=&#8221;0px|0px|0px|0px|true|true&#8221; custom_margin_last_edited=&#8221;on|phone&#8221; custom_padding=&#8221;50px|50px|50px|50px|true|true&#8221; custom_padding_tablet=&#8221;50px|50px|50px|50px|true|true&#8221; custom_padding_phone=&#8221;0px|0px|0px|0px|true|true&#8221; disabled=&#8221;on&#8221; global_colors_info=&#8221;{}&#8221; theme_builder_area=&#8221;post_content&#8221;][et_pb_column type=&#8221;1_4&#8243; module_class=&#8221;folder-texts&#8221; _builder_version=&#8221;4.19.4&#8243; _module_preset=&#8221;bc4b03ae-e0fb-4f2b-8758-956bc317bb79&#8243; background_color=&#8221;gcid-fee674a1-5273-4774-aab4-f0eaaaa5dea6&#8243; custom_padding=&#8221;40px|60px|40px|60px|true|true&#8221; custom_padding_tablet=&#8221;40px|60px|40px|60px|true|true&#8221; custom_padding_phone=&#8221;40px|30px|0px|30px|false|true&#8221; custom_padding_last_edited=&#8221;on|phone&#8221; global_colors_info=&#8221;{%22gcid-fee674a1-5273-4774-aab4-f0eaaaa5dea6%22:%91%22background_color%22%93}&#8221; theme_builder_area=&#8221;post_content&#8221;][et_pb_text _builder_version=&#8221;4.19.4&#8243; _module_preset=&#8221;default&#8221; text_font=&#8221;|700|||||||&#8221; text_text_color=&#8221;#FFFFFF&#8221; text_font_size=&#8221;35px&#8221; text_line_height=&#8221;40px&#8221; background_enable_color=&#8221;off&#8221; text_orientation_tablet=&#8221;&#8221; text_orientation_phone=&#8221;center&#8221; text_orientation_last_edited=&#8221;on|phone&#8221; global_colors_info=&#8221;{%22gcid-fee674a1-5273-4774-aab4-f0eaaaa5dea6%22:%91%22background_color%22%93}&#8221; theme_builder_area=&#8221;post_content&#8221;]\n<p class=\"p1 folder-title\"><b>XMAS Spirit<\/b><\/p>\n[\/et_pb_text][et_pb_text _builder_version=&#8221;4.19.4&#8243; _module_preset=&#8221;default&#8221; text_font=&#8221;||||||||&#8221; text_text_color=&#8221;#FFFFFF&#8221; text_font_size=&#8221;19px&#8221; background_color=&#8221;RGBA(255,255,255,0)&#8221; text_orientation_tablet=&#8221;&#8221; text_orientation_phone=&#8221;center&#8221; text_orientation_last_edited=&#8221;on|phone&#8221; global_colors_info=&#8221;{}&#8221; theme_builder_area=&#8221;post_content&#8221;]\n<p class=\"p1\">C&#8217;est la semaine des cadeaux sous le sapin. Alors nous, on va y glisser des sneakers, \u00e0 cop, \u00e0 collectionner, \u00e0 porter, \u00e0 offrir, pour faire des heureux.<\/p>\n[\/et_pb_text][\/et_pb_column][et_pb_column type=&#8221;3_4&#8243; _builder_version=&#8221;4.19.4&#8243; _module_preset=&#8221;bc4b03ae-e0fb-4f2b-8758-956bc317bb79&#8243; custom_padding=&#8221;0px|30px|0px|30px|true|true&#8221; custom_padding_tablet=&#8221;0px|30px|0px|30px|true|true&#8221; custom_padding_phone=&#8221;30px||30px||true|true&#8221; custom_padding_last_edited=&#8221;on|phone&#8221; global_colors_info=&#8221;{}&#8221; theme_builder_area=&#8221;post_content&#8221;][et_pb_blog_extras posts_number=&#8221;6&#8243; blog_layout=&#8221;masonry&#8221; include_posts=&#8221;20356, 20352, 20354, 20205, 20944, 20906&#8243; featured_image_size=&#8221;medium&#8221; excerpt_length=&#8221;0&#8243; show_more=&#8221;off&#8221; show_author=&#8221;off&#8221; show_date=&#8221;off&#8221; show_comments=&#8221;off&#8221; content_color=&#8221;#FFFFFF&#8221; masonry_columns_tablet=&#8221;2&#8243; masonry_columns_phone=&#8221;1&#8243; masonry_columns_last_edited=&#8221;on|desktop&#8221; _builder_version=&#8221;4.19.4&#8243; _module_preset=&#8221;default&#8221; header_text_color=&#8221;#000000&#8243; header_font_size=&#8221;14px&#8221; body_text_color=&#8221;RGBA(255,255,255,0)&#8221; meta_text_color=&#8221;gcid-fee674a1-5273-4774-aab4-f0eaaaa5dea6&#8243; meta_font_size=&#8221;11px&#8221; custom_margin=&#8221;0px|0px|0px|0px|true|true&#8221; custom_margin_tablet=&#8221;0px|0px|0px|0px|true|true&#8221; custom_margin_phone=&#8221;0px|0px|0px|0px|true|true&#8221; custom_margin_last_edited=&#8221;on|phone&#8221; custom_padding=&#8221;0px|0px|0px|0px|true|true&#8221; header_text_color_tablet=&#8221;#FFFFFF&#8221; header_text_color_phone=&#8221;#FFFFFF&#8221; header_text_color_last_edited=&#8221;on|tablet&#8221; header_font_size_tablet=&#8221;14px&#8221; header_font_size_phone=&#8221;20px&#8221; header_font_size_last_edited=&#8221;on|phone&#8221; background_color_phone=&#8221;gcid-fee674a1-5273-4774-aab4-f0eaaaa5dea6&#8243; background_last_edited=&#8221;on|phone&#8221; background_enable_color_phone=&#8221;on&#8221; global_colors_info=&#8221;{%22gcid-fee674a1-5273-4774-aab4-f0eaaaa5dea6%22:%91%22background_color%22,%22meta_text_color%22%93}&#8221; theme_builder_area=&#8221;post_content&#8221;][\/et_pb_blog_extras][\/et_pb_column][\/et_pb_row][\/et_pb_section]\n","protected":false},"excerpt":{"rendered":"<p>THE LATEST NEWSL\u2019\u00c9MISSION (S02EP01) X NATOOChaque mois, une personnalit\u00e9 vient chiller sur le canap\u00e9 de Sneaker Spirit, avec Marie Palot, et ses Spirit Box, qui contiennent \u00e0 chaque fois une surprise pour notre invit\u00e9.e.DO NOT MISSXMAS SpiritC&#8217;est la semaine des cadeaux sous le sapin. Alors nous, on va y glisser des sneakers, \u00e0 cop, \u00e0 [&hellip;]<\/p>\n","protected":false},"author":15,"featured_media":0,"parent":0,"menu_order":0,"comment_status":"closed","ping_status":"closed","template":"","meta":{"_et_pb_use_builder":"on","_et_pb_old_content":"","_et_gb_content_width":"","footnotes":""},"class_list":["post-25403","page","type-page","status-publish","hentry"],"yoast_head":"<!-- This site is optimized with the Yoast SEO plugin v27.3 - https:\/\/yoast.com\/product\/yoast-seo-wordpress\/ -->\n<title>Home - Sneaker Spirit<\/title>\n<meta name=\"robots\" content=\"index, follow, max-snippet:-1, max-image-preview:large, max-video-preview:-1\" \/>\n<link rel=\"canonical\" href=\"https:\/\/sneakerspirit.courir.com\/en\/\" \/>\n<meta property=\"og:locale\" content=\"en_US\" \/>\n<meta property=\"og:type\" content=\"article\" \/>\n<meta property=\"og:title\" content=\"Home - Sneaker Spirit\" \/>\n<meta property=\"og:description\" content=\"THE LATEST NEWSL\u2019\u00c9MISSION (S02EP01) X NATOOChaque mois, une personnalit\u00e9 vient chiller sur le canap\u00e9 de Sneaker Spirit, avec Marie Palot, et ses Spirit Box, qui contiennent \u00e0 chaque fois une surprise pour notre invit\u00e9.e.DO NOT MISSXMAS SpiritC&#039;est la semaine des cadeaux sous le sapin. Alors nous, on va y glisser des sneakers, \u00e0 cop, \u00e0 [&hellip;]\" \/>\n<meta property=\"og:url\" content=\"https:\/\/sneakerspirit.courir.com\/en\/\" \/>\n<meta property=\"og:site_name\" content=\"Sneaker Spirit\" \/>\n<meta property=\"article:modified_time\" content=\"2023-11-06T09:32:52+00:00\" \/>\n<meta name=\"twitter:card\" content=\"summary_large_image\" \/>\n<script type=\"application\/ld+json\" class=\"yoast-schema-graph\">{\"@context\":\"https:\\\/\\\/schema.org\",\"@graph\":[{\"@type\":\"WebPage\",\"@id\":\"https:\\\/\\\/sneakerspirit.courir.com\\\/en\\\/\",\"url\":\"https:\\\/\\\/sneakerspirit.courir.com\\\/en\\\/\",\"name\":\"Home - Sneaker Spirit\",\"isPartOf\":{\"@id\":\"https:\\\/\\\/sneakerspirit.courir.com\\\/en\\\/#website\"},\"datePublished\":\"2023-02-07T14:22:42+00:00\",\"dateModified\":\"2023-11-06T09:32:52+00:00\",\"breadcrumb\":{\"@id\":\"https:\\\/\\\/sneakerspirit.courir.com\\\/en\\\/#breadcrumb\"},\"inLanguage\":\"en-US\",\"potentialAction\":[{\"@type\":\"ReadAction\",\"target\":[\"https:\\\/\\\/sneakerspirit.courir.com\\\/en\\\/\"]}]},{\"@type\":\"BreadcrumbList\",\"@id\":\"https:\\\/\\\/sneakerspirit.courir.com\\\/en\\\/#breadcrumb\",\"itemListElement\":[{\"@type\":\"ListItem\",\"position\":1,\"name\":\"Accueil\",\"item\":\"https:\\\/\\\/sneakerspirit.courir.com\\\/en\\\/\"},{\"@type\":\"ListItem\",\"position\":2,\"name\":\"Home\"}]},{\"@type\":\"WebSite\",\"@id\":\"https:\\\/\\\/sneakerspirit.courir.com\\\/en\\\/#website\",\"url\":\"https:\\\/\\\/sneakerspirit.courir.com\\\/en\\\/\",\"name\":\"Sneaker Spirit\",\"description\":\"Culture starts here\",\"potentialAction\":[{\"@type\":\"SearchAction\",\"target\":{\"@type\":\"EntryPoint\",\"urlTemplate\":\"https:\\\/\\\/sneakerspirit.courir.com\\\/en\\\/?s={search_term_string}\"},\"query-input\":{\"@type\":\"PropertyValueSpecification\",\"valueRequired\":true,\"valueName\":\"search_term_string\"}}],\"inLanguage\":\"en-US\"}]}<\/script>\n<!-- \/ Yoast SEO plugin. -->","yoast_head_json":{"title":"Home - Sneaker Spirit","robots":{"index":"index","follow":"follow","max-snippet":"max-snippet:-1","max-image-preview":"max-image-preview:large","max-video-preview":"max-video-preview:-1"},"canonical":"https:\/\/sneakerspirit.courir.com\/en\/","og_locale":"en_US","og_type":"article","og_title":"Home - Sneaker Spirit","og_description":"THE LATEST NEWSL\u2019\u00c9MISSION (S02EP01) X NATOOChaque mois, une personnalit\u00e9 vient chiller sur le canap\u00e9 de Sneaker Spirit, avec Marie Palot, et ses Spirit Box, qui contiennent \u00e0 chaque fois une surprise pour notre invit\u00e9.e.DO NOT MISSXMAS SpiritC'est la semaine des cadeaux sous le sapin. Alors nous, on va y glisser des sneakers, \u00e0 cop, \u00e0 [&hellip;]","og_url":"https:\/\/sneakerspirit.courir.com\/en\/","og_site_name":"Sneaker Spirit","article_modified_time":"2023-11-06T09:32:52+00:00","twitter_card":"summary_large_image","schema":{"@context":"https:\/\/schema.org","@graph":[{"@type":"WebPage","@id":"https:\/\/sneakerspirit.courir.com\/en\/","url":"https:\/\/sneakerspirit.courir.com\/en\/","name":"Home - Sneaker Spirit","isPartOf":{"@id":"https:\/\/sneakerspirit.courir.com\/en\/#website"},"datePublished":"2023-02-07T14:22:42+00:00","dateModified":"2023-11-06T09:32:52+00:00","breadcrumb":{"@id":"https:\/\/sneakerspirit.courir.com\/en\/#breadcrumb"},"inLanguage":"en-US","potentialAction":[{"@type":"ReadAction","target":["https:\/\/sneakerspirit.courir.com\/en\/"]}]},{"@type":"BreadcrumbList","@id":"https:\/\/sneakerspirit.courir.com\/en\/#breadcrumb","itemListElement":[{"@type":"ListItem","position":1,"name":"Accueil","item":"https:\/\/sneakerspirit.courir.com\/en\/"},{"@type":"ListItem","position":2,"name":"Home"}]},{"@type":"WebSite","@id":"https:\/\/sneakerspirit.courir.com\/en\/#website","url":"https:\/\/sneakerspirit.courir.com\/en\/","name":"Sneaker Spirit","description":"Culture starts here","potentialAction":[{"@type":"SearchAction","target":{"@type":"EntryPoint","urlTemplate":"https:\/\/sneakerspirit.courir.com\/en\/?s={search_term_string}"},"query-input":{"@type":"PropertyValueSpecification","valueRequired":true,"valueName":"search_term_string"}}],"inLanguage":"en-US"}]}},"_links":{"self":[{"href":"https:\/\/sneakerspirit.courir.com\/en\/wp-json\/wp\/v2\/pages\/25403","targetHints":{"allow":["GET"]}}],"collection":[{"href":"https:\/\/sneakerspirit.courir.com\/en\/wp-json\/wp\/v2\/pages"}],"about":[{"href":"https:\/\/sneakerspirit.courir.com\/en\/wp-json\/wp\/v2\/types\/page"}],"author":[{"embeddable":true,"href":"https:\/\/sneakerspirit.courir.com\/en\/wp-json\/wp\/v2\/users\/15"}],"replies":[{"embeddable":true,"href":"https:\/\/sneakerspirit.courir.com\/en\/wp-json\/wp\/v2\/comments?post=25403"}],"version-history":[{"count":10,"href":"https:\/\/sneakerspirit.courir.com\/en\/wp-json\/wp\/v2\/pages\/25403\/revisions"}],"predecessor-version":[{"id":25946,"href":"https:\/\/sneakerspirit.courir.com\/en\/wp-json\/wp\/v2\/pages\/25403\/revisions\/25946"}],"wp:attachment":[{"href":"https:\/\/sneakerspirit.courir.com\/en\/wp-json\/wp\/v2\/media?parent=25403"}],"curies":[{"name":"wp","href":"https:\/\/api.w.org\/{rel}","templated":true}]}}